{"id":326,"date":"2025-07-30T10:24:46","date_gmt":"2025-07-30T13:24:46","guid":{"rendered":"https:\/\/thatianacastrodesouzadantas.siteup.dev\/?page_id=326"},"modified":"2025-08-18T10:25:44","modified_gmt":"2025-08-18T13:25:44","slug":"contato","status":"publish","type":"page","link":"https:\/\/thatianacastrodesouzadantas.siteup.dev\/en\/contato\/","title":{"rendered":"Contato"},"content":{"rendered":"<div data-elementor-type=\"wp-page\" data-elementor-id=\"326\" class=\"elementor elementor-326\" data-elementor-post-type=\"page\">\n\t\t\t\t<div class=\"elementor-element elementor-element-9c2832c e-flex e-con-boxed e-con e-parent\" data-id=\"9c2832c\" data-element_type=\"container\" data-settings=\"{&quot;background_background&quot;:&quot;classic&quot;}\">\n\t\t\t\t\t<div class=\"e-con-inner\">\n\t\t\t\t<div class=\"elementor-element elementor-element-86226e8 elementor-widget elementor-widget-heading\" data-id=\"86226e8\" data-element_type=\"widget\" data-widget_type=\"heading.default\">\n\t\t\t\t<div class=\"elementor-widget-container\">\n\t\t\t\t\t<h3 class=\"elementor-heading-title elementor-size-default\">contato<\/h3>\t\t\t\t<\/div>\n\t\t\t\t<\/div>\n\t\t\t\t<div class=\"elementor-element elementor-element-66d2a8f elementor-widget__width-initial elementor-widget elementor-widget-heading\" data-id=\"66d2a8f\" data-element_type=\"widget\" data-widget_type=\"heading.default\">\n\t\t\t\t<div class=\"elementor-widget-container\">\n\t\t\t\t\t<h2 class=\"elementor-heading-title elementor-size-default\">Entre em contato conosco\n<\/h2>\t\t\t\t<\/div>\n\t\t\t\t<\/div>\n\t\t\t\t<div class=\"elementor-element elementor-element-23abcf8 elementor-widget elementor-widget-text-editor\" data-id=\"23abcf8\" data-element_type=\"widget\" data-widget_type=\"text-editor.default\">\n\t\t\t\t<div class=\"elementor-widget-container\">\n\t\t\t\t\t\t\t\t\t<p>Fale com nossa equipe<\/p>\t\t\t\t\t\t\t\t<\/div>\n\t\t\t\t<\/div>\n\t\t\t\t<div class=\"elementor-element elementor-element-374c4ee elementor-view-default elementor-widget elementor-widget-icon\" data-id=\"374c4ee\" data-element_type=\"widget\" data-widget_type=\"icon.default\">\n\t\t\t\t<div class=\"elementor-widget-container\">\n\t\t\t\t\t\t\t<div class=\"elementor-icon-wrapper\">\n\t\t\t<a class=\"elementor-icon\" href=\"#conversar\">\n\t\t\t<svg xmlns=\"http:\/\/www.w3.org\/2000\/svg\" width=\"68\" height=\"27\" viewbox=\"0 0 68 27\" fill=\"none\"><path d=\"M1 0.999994L34 26L67 1\" stroke=\"#CD8D0A\" stroke-width=\"2\" stroke-linecap=\"round\" stroke-linejoin=\"round\"><\/path><\/svg>\t\t\t<\/a>\n\t\t<\/div>\n\t\t\t\t\t\t<\/div>\n\t\t\t\t<\/div>\n\t\t\t\t\t<\/div>\n\t\t\t\t<\/div>\n\t\t<div class=\"elementor-element elementor-element-8b5ec68 e-flex e-con-boxed e-con e-parent\" data-id=\"8b5ec68\" data-element_type=\"container\" data-settings=\"{&quot;background_background&quot;:&quot;classic&quot;}\">\n\t\t\t\t\t<div class=\"e-con-inner\">\n\t\t<div class=\"elementor-element elementor-element-bd6cc99 e-con-full e-flex e-con e-child\" data-id=\"bd6cc99\" data-element_type=\"container\" id=\"conversar\">\n\t\t<div class=\"elementor-element elementor-element-992a1b6 e-con-full e-flex e-con e-child\" data-id=\"992a1b6\" data-element_type=\"container\">\n\t\t\t\t<div class=\"elementor-element elementor-element-9892dc9 elementor-widget__width-initial elementor-widget-widescreen__width-initial elementor-widget-mobile__width-initial elementor-widget elementor-widget-heading\" data-id=\"9892dc9\" data-element_type=\"widget\" data-widget_type=\"heading.default\">\n\t\t\t\t<div class=\"elementor-widget-container\">\n\t\t\t\t\t<h1 class=\"elementor-heading-title elementor-size-default\">NR1 Consultoria<\/h1>\t\t\t\t<\/div>\n\t\t\t\t<\/div>\n\t\t\t\t<div class=\"elementor-element elementor-element-8b2f971 elementor-widget-widescreen__width-initial elementor-hidden-mobile elementor-widget elementor-widget-heading\" data-id=\"8b2f971\" data-element_type=\"widget\" data-widget_type=\"heading.default\">\n\t\t\t\t<div class=\"elementor-widget-container\">\n\t\t\t\t\t<h2 class=\"elementor-heading-title elementor-size-default\">| Assessment | Mentoria | Coaching | F.O.S.<\/h2>\t\t\t\t<\/div>\n\t\t\t\t<\/div>\n\t\t\t\t<div class=\"elementor-element elementor-element-6a7c4ef elementor-widget-widescreen__width-initial elementor-hidden-widescreen elementor-hidden-desktop elementor-hidden-tablet elementor-widget elementor-widget-heading\" data-id=\"6a7c4ef\" data-element_type=\"widget\" data-widget_type=\"heading.default\">\n\t\t\t\t<div class=\"elementor-widget-container\">\n\t\t\t\t\t<h2 class=\"elementor-heading-title elementor-size-default\">| Assessment |<\/h2>\t\t\t\t<\/div>\n\t\t\t\t<\/div>\n\t\t\t\t<\/div>\n\t\t\t\t<div class=\"elementor-element elementor-element-65fa31e elementor-widget-widescreen__width-initial elementor-hidden-widescreen elementor-hidden-desktop elementor-hidden-tablet elementor-widget elementor-widget-heading\" data-id=\"65fa31e\" data-element_type=\"widget\" data-widget_type=\"heading.default\">\n\t\t\t\t<div class=\"elementor-widget-container\">\n\t\t\t\t\t<h2 class=\"elementor-heading-title elementor-size-default\">Mentoria | Coaching | F.O.S. | Targeted Selection | Solu\u00e7\u00f5es Personalizadas<\/h2>\t\t\t\t<\/div>\n\t\t\t\t<\/div>\n\t\t\t\t<div class=\"elementor-element elementor-element-a5a9578 elementor-widget-widescreen__width-initial elementor-hidden-mobile elementor-widget elementor-widget-heading\" data-id=\"a5a9578\" data-element_type=\"widget\" data-widget_type=\"heading.default\">\n\t\t\t\t<div class=\"elementor-widget-container\">\n\t\t\t\t\t<h2 class=\"elementor-heading-title elementor-size-default\">Targeted Selection | Solu\u00e7\u00f5es Personalizadas<\/h2>\t\t\t\t<\/div>\n\t\t\t\t<\/div>\n\t\t\t\t<div class=\"elementor-element elementor-element-77923e2 elementor-widget elementor-widget-text-editor\" data-id=\"77923e2\" data-element_type=\"widget\" data-widget_type=\"text-editor.default\">\n\t\t\t\t<div class=\"elementor-widget-container\">\n\t\t\t\t\t\t\t\t\t<p>Vamos conversar<\/p>\t\t\t\t\t\t\t\t<\/div>\n\t\t\t\t<\/div>\n\t\t\t\t<div class=\"elementor-element elementor-element-9ed499a elementor-widget-tablet__width-initial elementor-widget-mobile__width-inherit elementor-widget__width-initial elementor-widget elementor-widget-text-editor\" data-id=\"9ed499a\" data-element_type=\"widget\" data-widget_type=\"text-editor.default\">\n\t\t\t\t<div class=\"elementor-widget-container\">\n\t\t\t\t\t\t\t\t\t<p>Preencha o formul\u00e1rio para descobrir como a We Consult HR pode apoiar voc\u00ea e sua empresa na gest\u00e3o de pessoas e desenvolvimento organizacional.<\/p>\t\t\t\t\t\t\t\t<\/div>\n\t\t\t\t<\/div>\n\t\t<div class=\"elementor-element elementor-element-659e0ed e-con-full e-flex e-con e-child\" data-id=\"659e0ed\" data-element_type=\"container\">\n\t\t\t\t<div class=\"elementor-element elementor-element-78d2d5e elementor-view-default elementor-widget elementor-widget-icon\" data-id=\"78d2d5e\" data-element_type=\"widget\" data-widget_type=\"icon.default\">\n\t\t\t\t<div class=\"elementor-widget-container\">\n\t\t\t\t\t\t\t<div class=\"elementor-icon-wrapper\">\n\t\t\t<div class=\"elementor-icon\">\n\t\t\t<svg xmlns=\"http:\/\/www.w3.org\/2000\/svg\" width=\"53\" height=\"53\" viewbox=\"0 0 53 53\" fill=\"none\"><rect width=\"52.5\" height=\"52.5\" rx=\"11.3514\" fill=\"#FBF6E4\"><\/rect><path d=\"M21.75 21V19C21.75 18.4696 21.9607 17.9609 22.3358 17.5858C22.7109 17.2107 23.2196 17 23.75 17H27.75C28.2804 17 28.7891 17.2107 29.1642 17.5858C29.5393 17.9609 29.75 18.4696 29.75 19V21M25.75 26V26.01M16.75 27C19.5416 28.4067 22.624 29.1394 25.75 29.1394C28.876 29.1394 31.9584 28.4067 34.75 27M16.75 23C16.75 22.4696 16.9607 21.9609 17.3358 21.5858C17.7109 21.2107 18.2196 21 18.75 21H32.75C33.2804 21 33.7891 21.2107 34.1642 21.5858C34.5393 21.9609 34.75 22.4696 34.75 23V32C34.75 32.5304 34.5393 33.0391 34.1642 33.4142C33.7891 33.7893 33.2804 34 32.75 34H18.75C18.2196 34 17.7109 33.7893 17.3358 33.4142C16.9607 33.0391 16.75 32.5304 16.75 32V23Z\" stroke=\"#043B59\" stroke-width=\"2\" stroke-linecap=\"round\" stroke-linejoin=\"round\"><\/path><\/svg>\t\t\t<\/div>\n\t\t<\/div>\n\t\t\t\t\t\t<\/div>\n\t\t\t\t<\/div>\n\t\t<div class=\"elementor-element elementor-element-850a896 e-con-full e-flex e-con e-child\" data-id=\"850a896\" data-element_type=\"container\">\n\t\t\t\t<div class=\"elementor-element elementor-element-c540288 elementor-icon-list--layout-traditional elementor-list-item-link-full_width elementor-widget elementor-widget-icon-list\" data-id=\"c540288\" data-element_type=\"widget\" data-widget_type=\"icon-list.default\">\n\t\t\t\t<div class=\"elementor-widget-container\">\n\t\t\t\t\t\t\t<ul class=\"elementor-icon-list-items\">\n\t\t\t\t\t\t\t<li class=\"elementor-icon-list-item\">\n\t\t\t\t\t\t\t\t\t\t\t<a href=\"tel:11999745428\">\n\n\t\t\t\t\t\t\t\t\t\t\t<span class=\"elementor-icon-list-text\">(11) 99974-5428<\/span>\n\t\t\t\t\t\t\t\t\t\t\t<\/a>\n\t\t\t\t\t\t\t\t\t<\/li>\n\t\t\t\t\t\t<\/ul>\n\t\t\t\t\t\t<\/div>\n\t\t\t\t<\/div>\n\t\t\t\t<div class=\"elementor-element elementor-element-092587a elementor-icon-list--layout-traditional elementor-list-item-link-full_width elementor-widget elementor-widget-icon-list\" data-id=\"092587a\" data-element_type=\"widget\" data-widget_type=\"icon-list.default\">\n\t\t\t\t<div class=\"elementor-widget-container\">\n\t\t\t\t\t\t\t<ul class=\"elementor-icon-list-items\">\n\t\t\t\t\t\t\t<li class=\"elementor-icon-list-item\">\n\t\t\t\t\t\t\t\t\t\t\t<a href=\"mailto:thatiana@weconsulthr.com.br\">\n\n\t\t\t\t\t\t\t\t\t\t\t<span class=\"elementor-icon-list-text\">thatiana@weconsulthr.com.br<\/span>\n\t\t\t\t\t\t\t\t\t\t\t<\/a>\n\t\t\t\t\t\t\t\t\t<\/li>\n\t\t\t\t\t\t\t\t<li class=\"elementor-icon-list-item\">\n\t\t\t\t\t\t\t\t\t\t\t<a href=\"mailto:emerich@weconsulthr.com.br\">\n\n\t\t\t\t\t\t\t\t\t\t\t<span class=\"elementor-icon-list-text\">emerich@weconsulthr.com.br<\/span>\n\t\t\t\t\t\t\t\t\t\t\t<\/a>\n\t\t\t\t\t\t\t\t\t<\/li>\n\t\t\t\t\t\t<\/ul>\n\t\t\t\t\t\t<\/div>\n\t\t\t\t<\/div>\n\t\t\t\t<\/div>\n\t\t\t\t<\/div>\n\t\t\t\t<\/div>\n\t\t\t\t<div class=\"elementor-element elementor-element-1d6f442 elementor-button-align-end elementor-mobile-button-align-stretch elementor-widget__width-initial elementor-widget elementor-widget-form\" data-id=\"1d6f442\" data-element_type=\"widget\" data-settings=\"{&quot;button_width&quot;:&quot;40&quot;,&quot;button_width_mobile&quot;:&quot;100&quot;,&quot;step_next_label&quot;:&quot;Pr\\u00f3ximo&quot;,&quot;step_previous_label&quot;:&quot;Anterior&quot;,&quot;step_type&quot;:&quot;number_text&quot;,&quot;step_icon_shape&quot;:&quot;circle&quot;}\" data-widget_type=\"form.default\">\n\t\t\t\t<div class=\"elementor-widget-container\">\n\t\t\t\t\t\t\t<form class=\"elementor-form\" method=\"post\" name=\"Novo formul\u00e1rio\" aria-label=\"Novo formul\u00e1rio\" action=\"\">\n\t\t\t<input type=\"hidden\" name=\"post_id\" value=\"326\"\/>\n\t\t\t<input type=\"hidden\" name=\"form_id\" value=\"1d6f442\"\/>\n\t\t\t<input type=\"hidden\" name=\"referer_title\" value=\"NR1 consultoria | WeConsultHR\" \/>\n\n\t\t\t\t\t\t\t<input type=\"hidden\" name=\"queried_id\" value=\"326\"\/>\n\t\t\t\n\t\t\t<div class=\"elementor-form-fields-wrapper elementor-labels-\">\n\t\t\t\t\t\t\t\t<div class=\"elementor-field-type-text elementor-field-group elementor-column elementor-field-group-name elementor-col-100 elementor-field-required\">\n\t\t\t\t\t\t\t\t\t\t\t\t<label for=\"form-field-name\" class=\"elementor-field-label elementor-screen-only\">\n\t\t\t\t\t\t\t\tNome\t\t\t\t\t\t\t<\/label>\n\t\t\t\t\t\t\t\t\t\t\t\t\t\t<input size=\"1\" type=\"text\" name=\"form_fields[name]\" id=\"form-field-name\" class=\"elementor-field elementor-size-sm  elementor-field-textual\" placeholder=\"Nome Completo\" required=\"required\">\n\t\t\t\t\t\t\t\t\t\t\t<\/div>\n\t\t\t\t\t\t\t\t<div class=\"elementor-field-type-email elementor-field-group elementor-column elementor-field-group-email elementor-col-100 elementor-field-required\">\n\t\t\t\t\t\t\t\t\t\t\t\t<label for=\"form-field-email\" class=\"elementor-field-label elementor-screen-only\">\n\t\t\t\t\t\t\t\tE-mail\t\t\t\t\t\t\t<\/label>\n\t\t\t\t\t\t\t\t\t\t\t\t\t\t<input size=\"1\" type=\"email\" name=\"form_fields[email]\" id=\"form-field-email\" class=\"elementor-field elementor-size-sm  elementor-field-textual\" placeholder=\"email@gmail.com\" required=\"required\">\n\t\t\t\t\t\t\t\t\t\t\t<\/div>\n\t\t\t\t\t\t\t\t<div class=\"elementor-field-type-text elementor-field-group elementor-column elementor-field-group-tel elementor-col-100 elementor-field-required\">\n\t\t\t\t\t\t\t\t\t\t\t\t<label for=\"form-field-tel\" class=\"elementor-field-label elementor-screen-only\">\n\t\t\t\t\t\t\t\tTelefone\t\t\t\t\t\t\t<\/label>\n\t\t\t\t\t\t\t\t\t\t\t\t\t\t<input size=\"1\" type=\"text\" name=\"form_fields[tel]\" id=\"form-field-tel\" class=\"elementor-field elementor-size-sm  elementor-field-textual\" placeholder=\"Telefone \/ Whatsapp*\" required=\"required\">\n\t\t\t\t\t\t\t\t\t\t\t<\/div>\n\t\t\t\t\t\t\t\t<div class=\"elementor-field-type-select elementor-field-group elementor-column elementor-field-group-field_bba0c93 elementor-col-100 elementor-field-required\">\n\t\t\t\t\t\t\t\t\t\t\t\t<label for=\"form-field-field_bba0c93\" class=\"elementor-field-label elementor-screen-only\">\n\t\t\t\t\t\t\t\tServi\u00e7o\t\t\t\t\t\t\t<\/label>\n\t\t\t\t\t\t\t\t<div class=\"elementor-field elementor-select-wrapper remove-before\">\n\t\t\t<div class=\"select-caret-down-wrapper\">\n\t\t\t\t<i aria-hidden=\"true\" class=\"eicon-caret-down\"><\/i>\t\t\t<\/div>\n\t\t\t<select name=\"form_fields[field_bba0c93]\" id=\"form-field-field_bba0c93\" class=\"elementor-field-textual elementor-size-sm\" required=\"required\">\n\t\t\t\t\t\t\t\t\t<option value=\"Servi\u00e7o\">Servi\u00e7o<\/option>\n\t\t\t\t\t\t\t\t\t<option value=\"Certifica\u00e7\u00e3o Internacional de Seguran\u00e7a Psicol\u00f3gica\">Certifica\u00e7\u00e3o Internacional de Seguran\u00e7a Psicol\u00f3gica<\/option>\n\t\t\t\t\t\t\t\t\t<option value=\"Targeted Selection\">Targeted Selection<\/option>\n\t\t\t\t\t\t\t\t\t<option value=\"Mentoring Estrat\u00e9gico\">Mentoring Estrat\u00e9gico<\/option>\n\t\t\t\t\t\t\t\t\t<option value=\"Coaching &amp; Assessment\">Coaching &amp; Assessment<\/option>\n\t\t\t\t\t\t\t\t\t<option value=\"Belbin\">Belbin<\/option>\n\t\t\t\t\t\t\t\t\t<option value=\"IA com Enfoque Humano\">IA com Enfoque Humano<\/option>\n\t\t\t\t\t\t\t\t\t<option value=\"Lean In Circles\">Lean In Circles<\/option>\n\t\t\t\t\t\t\t\t\t<option value=\"Solu\u00e7\u00f5es de RH sob Demanda\">Solu\u00e7\u00f5es de RH sob Demanda<\/option>\n\t\t\t\t\t\t\t\t\t<option value=\"Workshop de Seguran\u00e7a Psicol\u00f3gica com o FOS Scan (Assessment)\">Workshop de Seguran\u00e7a Psicol\u00f3gica com o FOS Scan (Assessment)<\/option>\n\t\t\t\t\t\t\t<\/select>\n\t\t<\/div>\n\t\t\t\t\t\t<\/div>\n\t\t\t\t\t\t\t\t<div class=\"elementor-field-type-text elementor-field-group elementor-column elementor-field-group-field_7ff8494 elementor-col-50 elementor-field-required\">\n\t\t\t\t\t\t\t\t\t\t\t\t<label for=\"form-field-field_7ff8494\" class=\"elementor-field-label elementor-screen-only\">\n\t\t\t\t\t\t\t\tEmpresa\t\t\t\t\t\t\t<\/label>\n\t\t\t\t\t\t\t\t\t\t\t\t\t\t<input size=\"1\" type=\"text\" name=\"form_fields[field_7ff8494]\" id=\"form-field-field_7ff8494\" class=\"elementor-field elementor-size-sm  elementor-field-textual\" placeholder=\"Empresa\" required=\"required\">\n\t\t\t\t\t\t\t\t\t\t\t<\/div>\n\t\t\t\t\t\t\t\t<div class=\"elementor-field-type-text elementor-field-group elementor-column elementor-field-group-field_69f787a elementor-col-50 elementor-field-required\">\n\t\t\t\t\t\t\t\t\t\t\t\t<label for=\"form-field-field_69f787a\" class=\"elementor-field-label elementor-screen-only\">\n\t\t\t\t\t\t\t\tCargo\t\t\t\t\t\t\t<\/label>\n\t\t\t\t\t\t\t\t\t\t\t\t\t\t<input size=\"1\" type=\"text\" name=\"form_fields[field_69f787a]\" id=\"form-field-field_69f787a\" class=\"elementor-field elementor-size-sm  elementor-field-textual\" placeholder=\"Cargo\" required=\"required\">\n\t\t\t\t\t\t\t\t\t\t\t<\/div>\n\t\t\t\t\t\t\t\t<div class=\"elementor-field-type-text elementor-field-group elementor-column elementor-field-group-field_cec4f3b elementor-col-50 elementor-field-required\">\n\t\t\t\t\t\t\t\t\t\t\t\t<label for=\"form-field-field_cec4f3b\" class=\"elementor-field-label elementor-screen-only\">\n\t\t\t\t\t\t\t\tDepartamento\t\t\t\t\t\t\t<\/label>\n\t\t\t\t\t\t\t\t\t\t\t\t\t\t<input size=\"1\" type=\"text\" name=\"form_fields[field_cec4f3b]\" id=\"form-field-field_cec4f3b\" class=\"elementor-field elementor-size-sm  elementor-field-textual\" placeholder=\"Departamento\" required=\"required\">\n\t\t\t\t\t\t\t\t\t\t\t<\/div>\n\t\t\t\t\t\t\t\t<div class=\"elementor-field-type-text elementor-field-group elementor-column elementor-field-group-field_81dc884 elementor-col-50 elementor-field-required\">\n\t\t\t\t\t\t\t\t\t\t\t\t<label for=\"form-field-field_81dc884\" class=\"elementor-field-label elementor-screen-only\">\n\t\t\t\t\t\t\t\tCidade\t\t\t\t\t\t\t<\/label>\n\t\t\t\t\t\t\t\t\t\t\t\t\t\t<input size=\"1\" type=\"text\" name=\"form_fields[field_81dc884]\" id=\"form-field-field_81dc884\" class=\"elementor-field elementor-size-sm  elementor-field-textual\" placeholder=\"Cidade\" required=\"required\">\n\t\t\t\t\t\t\t\t\t\t\t<\/div>\n\t\t\t\t\t\t\t\t<div class=\"elementor-field-type-textarea elementor-field-group elementor-column elementor-field-group-message elementor-col-100\">\n\t\t\t\t\t\t\t\t\t\t\t\t<label for=\"form-field-message\" class=\"elementor-field-label elementor-screen-only\">\n\t\t\t\t\t\t\t\tMensagem\t\t\t\t\t\t\t<\/label>\n\t\t\t\t\t\t<textarea class=\"elementor-field-textual elementor-field  elementor-size-sm\" name=\"form_fields[message]\" id=\"form-field-message\" rows=\"5\" placeholder=\"Mensagem\"><\/textarea>\t\t\t\t<\/div>\n\t\t\t\t\t\t\t\t<div class=\"elementor-field-type-checkbox elementor-field-group elementor-column elementor-field-group-field_3c55c0e elementor-col-60 elementor-sm-100\">\n\t\t\t\t\t\t\t\t\t\t\t\t<label for=\"form-field-field_3c55c0e\" class=\"elementor-field-label elementor-screen-only\">\n\t\t\t\t\t\t\t\tPol\u00edtica\t\t\t\t\t\t\t<\/label>\n\t\t\t\t\t\t<div class=\"elementor-field-subgroup\"><span class=\"elementor-field-option\"><input type=\"checkbox\" value=\"Ao informar meus dados, eu concordo &lt;br&gt;com a Pol\u00edtica de Privacidade.\" id=\"form-field-field_3c55c0e-0\" name=\"form_fields[field_3c55c0e]\"> <label for=\"form-field-field_3c55c0e-0\">Ao informar meus dados, eu concordo <br>com a Pol\u00edtica de Privacidade.<\/label><\/span><\/div>\t\t\t\t<\/div>\n\t\t\t\t\t\t\t\t<div class=\"elementor-field-group elementor-column elementor-field-type-submit elementor-col-40 e-form__buttons elementor-sm-100\">\n\t\t\t\t\t<button class=\"elementor-button elementor-size-sm elementor-animation-grow\" type=\"submit\">\n\t\t\t\t\t\t<span class=\"elementor-button-content-wrapper\">\n\t\t\t\t\t\t\t\t\t\t\t\t\t\t\t\t\t\t\t\t\t\t<span class=\"elementor-button-text\">Enviar<\/span>\n\t\t\t\t\t\t\t\t\t\t\t\t\t<\/span>\n\t\t\t\t\t<\/button>\n\t\t\t\t<\/div>\n\t\t\t<\/div>\n\t\t<input type=\"hidden\" name=\"trp-form-language\" value=\"en\"\/><\/form>\n\t\t\t\t\t\t<\/div>\n\t\t\t\t<\/div>\n\t\t\t\t\t<\/div>\n\t\t\t\t<\/div>\n\t\t\t\t<\/div>","protected":false},"excerpt":{"rendered":"<p>contato Entre em contato conosco Fale com nossa equipe NR1 Consultoria | Assessment | Mentoria | Coaching | F.O.S. | Assessment | Mentoria | Coaching | F.O.S. | Targeted Selection | Solu\u00e7\u00f5es Personalizadas Targeted Selection | Solu\u00e7\u00f5es Personalizadas Vamos conversar Preencha o formul\u00e1rio para descobrir como a We Consult HR pode apoiar voc\u00ea e sua [&hellip;]<\/p>","protected":false},"author":4001,"featured_media":0,"parent":0,"menu_order":0,"comment_status":"closed","ping_status":"closed","template":"","meta":{"footnotes":""},"class_list":["post-326","page","type-page","status-publish","hentry"],"yoast_head":"<!-- This site is optimized with the Yoast SEO plugin v25.7 - https:\/\/yoast.com\/wordpress\/plugins\/seo\/ -->\n<title>NR1 consultoria | WeConsultHR<\/title>\n<meta name=\"description\" content=\"Fale conosco e descubra como a WeConsultHR pode apoiar voc\u00ea e sua empresa na gest\u00e3o de pessoas e no desenvolvimento organizacional.\" \/>\n<meta name=\"robots\" content=\"noindex, follow, max-snippet:-1, max-image-preview:large, max-video-preview:-1\" \/>\n<meta property=\"og:locale\" content=\"en_US\" \/>\n<meta property=\"og:type\" content=\"article\" \/>\n<meta property=\"og:title\" content=\"NR1 consultoria | WeConsultHR\" \/>\n<meta property=\"og:description\" content=\"Fale conosco e descubra como a WeConsultHR pode apoiar voc\u00ea e sua empresa na gest\u00e3o de pessoas e no desenvolvimento organizacional.\" \/>\n<meta property=\"og:url\" content=\"https:\/\/thatianacastrodesouzadantas.siteup.dev\/en\/contato\/\" \/>\n<meta property=\"og:site_name\" content=\"WeConsultHR\" \/>\n<meta property=\"article:modified_time\" content=\"2025-08-18T13:25:44+00:00\" \/>\n<meta property=\"og:image\" content=\"https:\/\/thatianacastrodesouzadantas.siteup.dev\/wp-content\/uploads\/2025\/08\/consultoria-de-rh.jpg\" \/>\n\t<meta property=\"og:image:width\" content=\"1200\" \/>\n\t<meta property=\"og:image:height\" content=\"628\" \/>\n\t<meta property=\"og:image:type\" content=\"image\/jpeg\" \/>\n<meta name=\"twitter:card\" content=\"summary_large_image\" \/>\n<meta name=\"twitter:label1\" content=\"Est. reading time\" \/>\n\t<meta name=\"twitter:data1\" content=\"1 minute\" \/>\n<script type=\"application\/ld+json\" class=\"yoast-schema-graph\">{\"@context\":\"https:\/\/schema.org\",\"@graph\":[{\"@type\":\"WebPage\",\"@id\":\"https:\/\/thatianacastrodesouzadantas.siteup.dev\/contato\/\",\"url\":\"https:\/\/thatianacastrodesouzadantas.siteup.dev\/contato\/\",\"name\":\"NR1 consultoria | WeConsultHR\",\"isPartOf\":{\"@id\":\"https:\/\/thatianacastrodesouzadantas.siteup.dev\/#website\"},\"datePublished\":\"2025-07-30T13:24:46+00:00\",\"dateModified\":\"2025-08-18T13:25:44+00:00\",\"description\":\"Fale conosco e descubra como a WeConsultHR pode apoiar voc\u00ea e sua empresa na gest\u00e3o de pessoas e no desenvolvimento organizacional.\",\"breadcrumb\":{\"@id\":\"https:\/\/thatianacastrodesouzadantas.siteup.dev\/contato\/#breadcrumb\"},\"inLanguage\":\"en-US\",\"potentialAction\":[{\"@type\":\"ReadAction\",\"target\":[\"https:\/\/thatianacastrodesouzadantas.siteup.dev\/contato\/\"]}]},{\"@type\":\"BreadcrumbList\",\"@id\":\"https:\/\/thatianacastrodesouzadantas.siteup.dev\/contato\/#breadcrumb\",\"itemListElement\":[{\"@type\":\"ListItem\",\"position\":1,\"name\":\"In\u00edcio\",\"item\":\"https:\/\/thatianacastrodesouzadantas.siteup.dev\/\"},{\"@type\":\"ListItem\",\"position\":2,\"name\":\"Contato\"}]},{\"@type\":\"WebSite\",\"@id\":\"https:\/\/thatianacastrodesouzadantas.siteup.dev\/#website\",\"url\":\"https:\/\/thatianacastrodesouzadantas.siteup.dev\/\",\"name\":\"WeConsultHR\",\"description\":\"\",\"potentialAction\":[{\"@type\":\"SearchAction\",\"target\":{\"@type\":\"EntryPoint\",\"urlTemplate\":\"https:\/\/thatianacastrodesouzadantas.siteup.dev\/?s={search_term_string}\"},\"query-input\":{\"@type\":\"PropertyValueSpecification\",\"valueRequired\":true,\"valueName\":\"search_term_string\"}}],\"inLanguage\":\"en-US\"}]}<\/script>\n<!-- \/ Yoast SEO plugin. -->","yoast_head_json":{"title":"NR1 consultoria | WeConsultHR","description":"Fale conosco e descubra como a WeConsultHR pode apoiar voc\u00ea e sua empresa na gest\u00e3o de pessoas e no desenvolvimento organizacional.","robots":{"index":"noindex","follow":"follow","max-snippet":"max-snippet:-1","max-image-preview":"max-image-preview:large","max-video-preview":"max-video-preview:-1"},"og_locale":"en_US","og_type":"article","og_title":"NR1 consultoria | WeConsultHR","og_description":"Fale conosco e descubra como a WeConsultHR pode apoiar voc\u00ea e sua empresa na gest\u00e3o de pessoas e no desenvolvimento organizacional.","og_url":"https:\/\/thatianacastrodesouzadantas.siteup.dev\/en\/contato\/","og_site_name":"WeConsultHR","article_modified_time":"2025-08-18T13:25:44+00:00","og_image":[{"width":1200,"height":628,"url":"https:\/\/thatianacastrodesouzadantas.siteup.dev\/wp-content\/uploads\/2025\/08\/consultoria-de-rh.jpg","type":"image\/jpeg"}],"twitter_card":"summary_large_image","twitter_misc":{"Est. reading time":"1 minute"},"schema":{"@context":"https:\/\/schema.org","@graph":[{"@type":"WebPage","@id":"https:\/\/thatianacastrodesouzadantas.siteup.dev\/contato\/","url":"https:\/\/thatianacastrodesouzadantas.siteup.dev\/contato\/","name":"NR1 consultoria | WeConsultHR","isPartOf":{"@id":"https:\/\/thatianacastrodesouzadantas.siteup.dev\/#website"},"datePublished":"2025-07-30T13:24:46+00:00","dateModified":"2025-08-18T13:25:44+00:00","description":"Fale conosco e descubra como a WeConsultHR pode apoiar voc\u00ea e sua empresa na gest\u00e3o de pessoas e no desenvolvimento organizacional.","breadcrumb":{"@id":"https:\/\/thatianacastrodesouzadantas.siteup.dev\/contato\/#breadcrumb"},"inLanguage":"en-US","potentialAction":[{"@type":"ReadAction","target":["https:\/\/thatianacastrodesouzadantas.siteup.dev\/contato\/"]}]},{"@type":"BreadcrumbList","@id":"https:\/\/thatianacastrodesouzadantas.siteup.dev\/contato\/#breadcrumb","itemListElement":[{"@type":"ListItem","position":1,"name":"In\u00edcio","item":"https:\/\/thatianacastrodesouzadantas.siteup.dev\/"},{"@type":"ListItem","position":2,"name":"Contato"}]},{"@type":"WebSite","@id":"https:\/\/thatianacastrodesouzadantas.siteup.dev\/#website","url":"https:\/\/thatianacastrodesouzadantas.siteup.dev\/","name":"WeConsultHR","description":"","potentialAction":[{"@type":"SearchAction","target":{"@type":"EntryPoint","urlTemplate":"https:\/\/thatianacastrodesouzadantas.siteup.dev\/?s={search_term_string}"},"query-input":{"@type":"PropertyValueSpecification","valueRequired":true,"valueName":"search_term_string"}}],"inLanguage":"en-US"}]}},"_links":{"self":[{"href":"https:\/\/thatianacastrodesouzadantas.siteup.dev\/en\/wp-json\/wp\/v2\/pages\/326","targetHints":{"allow":["GET"]}}],"collection":[{"href":"https:\/\/thatianacastrodesouzadantas.siteup.dev\/en\/wp-json\/wp\/v2\/pages"}],"about":[{"href":"https:\/\/thatianacastrodesouzadantas.siteup.dev\/en\/wp-json\/wp\/v2\/types\/page"}],"author":[{"embeddable":true,"href":"https:\/\/thatianacastrodesouzadantas.siteup.dev\/en\/wp-json\/wp\/v2\/users\/4001"}],"replies":[{"embeddable":true,"href":"https:\/\/thatianacastrodesouzadantas.siteup.dev\/en\/wp-json\/wp\/v2\/comments?post=326"}],"version-history":[{"count":80,"href":"https:\/\/thatianacastrodesouzadantas.siteup.dev\/en\/wp-json\/wp\/v2\/pages\/326\/revisions"}],"predecessor-version":[{"id":2365,"href":"https:\/\/thatianacastrodesouzadantas.siteup.dev\/en\/wp-json\/wp\/v2\/pages\/326\/revisions\/2365"}],"wp:attachment":[{"href":"https:\/\/thatianacastrodesouzadantas.siteup.dev\/en\/wp-json\/wp\/v2\/media?parent=326"}],"curies":[{"name":"wp","href":"https:\/\/api.w.org\/{rel}","templated":true}]}}